{"id":3856,"date":"2024-12-05T08:00:22","date_gmt":"2024-12-05T08:00:22","guid":{"rendered":"https:\/\/tudoreltoader.ro\/privacy-policy\/"},"modified":"2024-12-17T11:09:57","modified_gmt":"2024-12-17T11:09:57","slug":"privacy-policy","status":"publish","type":"page","link":"https:\/\/tudoreltoader.ro\/en\/privacy-policy\/","title":{"rendered":"Privacy Policy"},"content":{"rendered":"\t\t<div data-elementor-type=\"wp-page\" data-elementor-id=\"3856\" class=\"elementor elementor-3856 elementor-3269\" data-elementor-post-type=\"page\">\n\t\t\t\t<div class=\"elementor-element elementor-element-2aa2768 e-con-full e-flex e-con e-parent\" data-id=\"2aa2768\" data-element_type=\"container\" data-e-type=\"container\" data-settings=\"{&quot;background_background&quot;:&quot;classic&quot;}\">\n\t\t<div class=\"elementor-element elementor-element-1fb2a96 e-con-full e-flex e-con e-child\" data-id=\"1fb2a96\" data-element_type=\"container\" data-e-type=\"container\" data-settings=\"{&quot;background_background&quot;:&quot;classic&quot;}\">\n\t\t\t\t<div class=\"elementor-element elementor-element-9431394 elementor-widget elementor-widget-heading\" data-id=\"9431394\" data-element_type=\"widget\" data-e-type=\"widget\" data-widget_type=\"heading.default\">\n\t\t\t\t<div class=\"elementor-widget-container\">\n\t\t\t\t\t<h1 class=\"elementor-heading-title elementor-size-default\">Privacy Policy<\/h1>\t\t\t\t<\/div>\n\t\t\t\t<\/div>\n\t\t\t\t<div class=\"elementor-element elementor-element-3c33556 elementor-widget elementor-widget-image\" data-id=\"3c33556\" data-element_type=\"widget\" data-e-type=\"widget\" data-widget_type=\"image.default\">\n\t\t\t\t<div class=\"elementor-widget-container\">\n\t\t\t\t\t\t\t\t\t\t\t\t\t\t\t<img loading=\"lazy\" decoding=\"async\" width=\"84\" height=\"6\" src=\"https:\/\/tudoreltoader.ro\/wp-content\/uploads\/2024\/11\/line-middle.svg\" class=\"attachment-large size-large wp-image-3671\" alt=\"\" \/>\t\t\t\t\t\t\t\t\t\t\t\t\t\t\t<\/div>\n\t\t\t\t<\/div>\n\t\t\t\t<\/div>\n\t\t\t\t<\/div>\n\t\t<div class=\"elementor-element elementor-element-ca0fa6c e-flex e-con-boxed e-con e-parent\" data-id=\"ca0fa6c\" data-element_type=\"container\" data-e-type=\"container\" data-settings=\"{&quot;background_background&quot;:&quot;classic&quot;}\">\n\t\t\t\t\t<div class=\"e-con-inner\">\n\t\t\t\t<div class=\"elementor-element elementor-element-7b796fb elementor-widget elementor-widget-text-editor\" data-id=\"7b796fb\" data-element_type=\"widget\" data-e-type=\"widget\" data-widget_type=\"text-editor.default\">\n\t\t\t\t<div class=\"elementor-widget-container\">\n\t\t\t\t\t\t\t\t\t<h2>1. General information<\/h2>\n<p>The confidentiality of your personal data is one of the main concerns of <strong>TOADER TUDOREL TUDOREL &#8211; CABINET INDIVIDUALIDUAL DE AVOCAT<\/strong>, as data controller. The purpose of this document is to inform you about the processing of your personal data in the context of the use of the website <a href=\"https:\/\/tudoreltoader.ro\/en\/\">https:\/\/tudoreltoader.ro\/<\/a> <\/p>\n<h2>2. Categories of personal data processed<\/h2>\n<p>2.1. Dac\u0103 sunte\u021bi client al Site-ului, de\u021bin\u0103torul website-ului va prelucra datele dumneavoastr\u0103 cu caracter personal, cum ar fi nume \u015fi prenume, telefon, adresa de e-mail, adresa de facturare, adresa de livrare, date referitoare la modul \u00een care utiliza\u021bi Site-ul, de exemplu comportamentul \/ preferin\u0163ele \/ obi\u015fnuin\u021bele dumneavoastr\u0103 \u00een cadrul de\u021bin\u0103torul website-ului, precum \u0219i orice alte categorii de date pe care le furniza\u021bi \u00een mod direct \u00een contextul cre\u0103rii contului de utilizator, \u00een contextul plas\u0103rii unei comenzi prin intermediul site-ului sau \u00een orice alt mod care rezult\u0103 din utilizarea Site-ului. Dac\u0103 pentru a v\u0103 crea cont de utilizator pe Site, utiliza\u021bi contul dumneavoastr\u0103 de Facebook sau Google, de\u021bin\u0103torul website-ului va prelucra urm\u0103toarele date publice de profil afi\u015fate de aplica\u0163iile respective: nume utilizator, adresa de e-mail.  <br \/>If you choose to create a user account only before finalizing the order of a product available on the Site, your e-mail address will be requested and an account will be automatically created. If you do not complete your order, the e-mail address and other data provided will not be stored by the owner of the Website and the created account will be automatically deleted. <\/p>\n<p>2.2. Dac\u0103 sunte\u021bi vizitator al Site-ului, de\u021bin\u0103torul website-ului va prelucra datele dumneavoastr\u0103 cu caracter personal pe care le furniza\u021bi \u00een mod direct \u00een contextul utiliz\u0103rii Site-ului, cum ar fi datele pe care le furniza\u021bi \u00een cadrul sec\u021biunii de contact \/ \u00eentreb\u0103ri \/ reclama\u021bii, \u00een m\u0103sura \u00een care ne contacta\u021bi \u00een acest fel. <\/p>\n<h2>3. Purposes and grounds for processing<\/h2>\n<p>3.1. Dac\u0103 sunte\u021bi client al Site-ului, de\u021bin\u0103torul website-ului prelucreaz\u0103 datele dumneavoastr\u0103 cu caracter personal astfel:<br \/>pentru desf\u0103\u0219urarea rela\u021biei contractuale dintre dumneavoastr\u0103 \u015fi de\u021bin\u0103torul website-ului, respectiv pentru preluarea, validarea, expedierea \u015fi facturarea comenzii plasate pe Site, informarea dumneavoastr\u0103 asupra st\u0103rii comenzii, organizarea returului de produse comandate etc. <\/p>\n<p>Basis: The processing of your data for this purpose is based on the contract between you and the website owner. The provision of your personal data is necessary for the performance of this contract. Refusal to provide data may result in the impossibility of the contractual relationship between you and the website owner.  <\/p>\n<ul>\n<li>for the fulfillment of the legal obligations incumbent on the owner of the website in the context of the services provided through the Website, including tax obligations, as well as archiving.<\/li>\n<\/ul>\n<p>Grounds: Processing your data for this purpose is necessary on the basis of legal obligations. Providing your data for this purpose is necessary. Refusal to provide your data may result in the website owner being unable to comply with its legal obligations and therefore unable to provide you with the services through the Website.  <\/p>\n<ul>\n<li>for marketing activities, i.e. for the transmission, by means of remote communication (e-mail, sms) of commercial communications regarding the products and services offered by the owner of the website, through the Site.<\/li>\n<\/ul>\n<p>Basis: The processing of your data for this purpose is based on your consent, if you choose to provide it.<br \/>You can express your consent to data processing for this purpose by checking the appropriate box at the time of account creation, or after account creation in the My Account Information section. To unsubscribe from receiving such commercial communications, you can use the option at the end of each e-mail\/text message containing commercial communications. In addition, you can unsubscribe by going to My Account Information.<br \/>Providing your data for this purpose is voluntary. Refusal to provide your consent to the processing of your data for this purpose will not have negative consequences for you.   <\/p>\n<ul>\n<li>in order to carry out various analyses, reports on the functioning of the Site, consumer preference profiling, mainly in order to improve the experience offered on the Site.<\/li>\n<\/ul>\n<p>Basis: The processing of your data for this purpose is based on the legitimate interest of the Website Owner to continuously improve the customer experience on the Website. Providing your data for this purpose is voluntary. Refusal to provide data for this purpose will not have negative consequences for you.  <\/p>\n<p>3.2. Dac\u0103 sunte\u021bi vizitator al Site-ului, de\u021bin\u0103torul website-ului prelucreaz\u0103 datele dumneavoastr\u0103 cu caracter personal astfel: <\/p>\n<ul>\n<li>for marketing activities, i.e. for the transmission, by means of remote communication (e-mail, sms), of commercial communications regarding the products and services offered by the owner of the website, through the Site.<\/li>\n<\/ul>\n<p>Basis: The processing of your data for this purpose is based on your consent, if you choose to provide it.<br \/>You can express your consent to the processing of your data for this purpose by completing and checking the appropriate box in the newsletter subscription form available on the Website. To unsubscribe from receiving such commercial communications, you can use the option at the end of each e-mail\/text message containing commercial communications. <\/p>\n<p>Providing your data for this purpose is voluntary. Refusal to provide consent to the processing of your data for this purpose will not have negative consequences for you. <\/p>\n<ul>\n<li>to resolve complaints, complaints and to monitor traffic and improve your experience on the Site.<\/li>\n<\/ul>\n<p>Grounds: The processing of your data for this purpose is based on the legitimate interest of the website owner to ensure the proper functioning of the Website, as well as to continuously improve the experience of visitors to the Website, including by addressing various comments, questions or complaints.<br \/>Providing your data for this purpose is voluntary. Refusal to provide data for this purpose will have no negative consequences for you. <\/p>\n<h2>4. Duration for which we process your data<\/h2>\n<p>As a matter of principle, the owner of the website will process your personal data as far as it is necessary for the fulfillment of the processing purposes mentioned above.<br \/>If you are a customer, we will process your data for the entire duration of the contractual relationship and subsequently in accordance with the legal obligations incumbent on the owner of the website (e.g. in the case of financial-accounting supporting documents for which the retention period provided by law is 10 years from the end of the financial year during which they were drawn up).<br \/>If you are a customer and you exercise the option to delete your user account by clicking the Delete Account button in the My Account Information section, the owner of the website will interpret this as your unsubscribing from receiving commercial communications from us to keep you informed about the products and services offered through the website. In this regard, if you choose to delete your user account, we will no longer send you such e-mails and\/or text messages. However, we wish to inform you that deleting your account will not automatically delete your personal data. If you no longer wish to have your personal data processed or if you wish to have your data deleted, you may exercise your rights as detailed in the paragraph below. If you request deletion of your account, but there is at least one active order on that account, the request for deletion of your account can only be registered after the delivery of the products and the completion of the last active order.<br \/>If you withdraw your consent to the processing of data for marketing purposes, the website owner will cease processing your personal data for this purpose, but without affecting the processing carried out by the website owner on the basis of the consent you have expressed before your withdrawal.   <\/p>\n<h2>5. Disclosure of personal data<\/h2>\n<p>In order to fulfill the processing purposes, the owner of the website may disclose your data to partners, to third parties or entities that support the owner of the website in carrying out the activity through the Website (e.g. courier companies, IT service providers), or to central\/local public authorities, in the following cases listed by way of example:<\/p>\n<ul>\n<li>for the administration of the Site;<\/li>\n<li>in situations where such communication would be necessary for the awarding of prizes or other incentives to data subjects, obtained as a result of their participation in various promotional campaigns organized by the website owner through the Site;<\/li>\n<li>to maintain, customize and improve the Site and the services provided through it;<\/li>\n<li>for performing data analysis, testing and research, monitoring usage trends and activity, developing security features and user authentication;<\/li>\n<li>for the transmission of commercial marketing communications, under the conditions and within the limits provided by law;<\/li>\n<li>where disclosure of personal data is required by law, etc.<\/li>\n<\/ul>\n<h2>6. Transfer of personal data<\/h2>\n<p>Personal data provided to the owner of the website may be transferred outside Romania, but only to countries in the European Union.<\/p>\n<h2>7. Transfer of personal data<\/h2>\n<p>Under the conditions laid down by the law on the processing of personal data, as data subjects, you have the following rights:<\/p>\n<p>Under the conditions laid down by the law on the processing of personal data, as data subjects, you have the following rights:<br \/>the right to information, i.e. the right to receive details of the processing activities carried out by the website owner, as described in this document;<br \/>the right of access to data, i.e. the right to obtain confirmation from the owner of the website regarding the processing of personal data, as well as details of the processing activities such as how the data is processed, the purpose for which the data is processed, the recipients or categories of recipients of the data, etc;<br \/>the right to rectification, i.e. the right to obtain the correction, without justified delay, by the owner of the website of inaccurate \/ unjustified personal data, as well as the completion of incomplete data; The rectification \/ completion will be communicated to each recipient to whom the data have been transmitted, unless this proves impossible or involves disproportionate efforts.<br \/>the right to erasure of data, without undue delay, (&#8220;right to be forgotten&#8221;), where one of the following grounds applies:<br \/>&#8211; they are no longer necessary for the purposes for which they were collected or processed;<br \/>&#8211; where consent is withdrawn and there is no other legal basis for the processing;<br \/>&#8211; where the data subject objects to the processing and there are no legitimate grounds for refusal;<br \/>&#8211; where personal data have been processed unlawfully;<br \/>&#8211; where personal data must be erased in order to comply with a legal obligation;<br \/>&#8211; where personal data have been collected in connection with the provision of information society services in accordance with Union or national law to which the controller is subject.<br \/>It is possible that, following a request for erasure, the owner of the website may anonymize these data (thus depriving them of their personal character) and continue processing for statistical purposes under these conditions;<br \/>the right to restriction of processing insofar as :<br \/>&#8211; the data subject contests the accuracy of the data, for a period enabling us to verify the accuracy of the data;<br \/>&#8211; the processing is unlawful and the data subject opposes the erasure of the personal data, requesting instead the restriction of their use;<br \/>&#8211; the controller no longer needs the personal data for the purposes of the processing, but the data subject requests it for the establishment, exercise or defense of a legal claim; or<br \/>&#8211; the data subject has objected to the processing (other than for direct marketing), for the period of time during which it is verified that the legitimate rights of the controller prevail over those of the data subject.<br \/>the right to data portability, i.e. (i) the right to receive personal data in a structured, commonly used and easily readable format, and (ii) the right to have such data transferred by the website owner to another data controller, provided that the conditions provided by law are met;  <br \/>the right to object &#8211; in relation to processing activities can be exercised by sending a request as indicated below;<br \/>&#8211; at any time, on grounds relating to the data subject&#8217;s particular situation, that the data concerning him or her should be processed on the basis of the legitimate interest of the owner of the website or on public interest, except where the owner of the website can demonstrate compelling legitimate grounds for the processing which override the interests, rights and freedoms of the data subject or for the establishment, exercise or defense of legal claims;<br \/>&#8211; at any time, free of charge and without any justification, that the data concerning him or her be processed for direct marketing purposes.<br \/>the right not to be subject to an automated individual decision, i.e. the right not to be subject to a decision taken solely on the basis of automated processing activities, including profiling, which produces legal effects concerning the data subject or similarly significantly affects him or her;<br \/>the right to have recourse to the National Supervisory Authority for Personal Data Processing or to the competent courts, to the extent you deem necessary.<br \/>This website uses cookie files. For more information on how these files are used, please visit the cookie policy page.<br \/>For any further questions about how your personal data is processed and to exercise your rights as mentioned above, please contact: <strong><a href=\"mailto:ttoader.avocat@gmail.com\">ttoader.avocat@gmail.com<\/a><\/strong> <\/p>\n\t\t\t\t\t\t\t\t<\/div>\n\t\t\t\t<\/div>\n\t\t\t\t\t<\/div>\n\t\t\t\t<\/div>\n\t\t\t\t<\/div>\n\t\t","protected":false},"excerpt":{"rendered":"<p>Privacy Policy 1. General information The confidentiality of your personal data is one of the main concerns of TOADER TUDOREL TUDOREL &#8211; CABINET INDIVIDUALIDUAL DE AVOCAT, as data controller. The purpose of this document is to inform you about the processing of your personal data in the context of the use of the website https:\/\/tudoreltoader.ro\/ [&hellip;]<\/p>\n","protected":false},"author":3,"featured_media":0,"parent":0,"menu_order":0,"comment_status":"closed","ping_status":"closed","template":"","meta":{"footnotes":""},"class_list":["post-3856","page","type-page","status-publish","hentry"],"_links":{"self":[{"href":"https:\/\/tudoreltoader.ro\/en\/wp-json\/wp\/v2\/pages\/3856","targetHints":{"allow":["GET"]}}],"collection":[{"href":"https:\/\/tudoreltoader.ro\/en\/wp-json\/wp\/v2\/pages"}],"about":[{"href":"https:\/\/tudoreltoader.ro\/en\/wp-json\/wp\/v2\/types\/page"}],"author":[{"embeddable":true,"href":"https:\/\/tudoreltoader.ro\/en\/wp-json\/wp\/v2\/users\/3"}],"replies":[{"embeddable":true,"href":"https:\/\/tudoreltoader.ro\/en\/wp-json\/wp\/v2\/comments?post=3856"}],"version-history":[{"count":0,"href":"https:\/\/tudoreltoader.ro\/en\/wp-json\/wp\/v2\/pages\/3856\/revisions"}],"wp:attachment":[{"href":"https:\/\/tudoreltoader.ro\/en\/wp-json\/wp\/v2\/media?parent=3856"}],"curies":[{"name":"wp","href":"https:\/\/api.w.org\/{rel}","templated":true}]}}